{"id":468,"date":"2017-01-05T15:58:22","date_gmt":"2017-01-05T14:58:22","guid":{"rendered":"http:\/\/licariguitars.com\/?page_id=468\/"},"modified":"2025-11-16T09:15:01","modified_gmt":"2025-11-16T08:15:01","slug":"pegamentos-y-acabados","status":"publish","type":"page","link":"https:\/\/licariguitars.com\/es\/materiales\/pegamentos-y-acabados\/","title":{"rendered":"Pegamentos y Acabados"},"content":{"rendered":"\t\t<div data-elementor-type=\"wp-page\" data-elementor-id=\"468\" class=\"elementor elementor-468\" data-elementor-post-type=\"page\">\n\t\t\t\t<div class=\"elementor-element elementor-element-59b475bb e-flex e-con-boxed e-con e-parent\" data-id=\"59b475bb\" data-element_type=\"container\" data-e-type=\"container\">\n\t\t\t\t\t<div class=\"e-con-inner\">\n\t\t\t\t<div class=\"elementor-element elementor-element-46726d23 elementor-widget elementor-widget-heading\" data-id=\"46726d23\" data-element_type=\"widget\" data-e-type=\"widget\" data-widget_type=\"heading.default\">\n\t\t\t\t<div class=\"elementor-widget-container\">\n\t\t\t\t\t<h2 class=\"elementor-heading-title elementor-size-default\">Pegamentos y Acabados<\/h2>\t\t\t\t<\/div>\n\t\t\t\t<\/div>\n\t\t\t\t\t<\/div>\n\t\t\t\t<\/div>\n\t\t<div class=\"elementor-element elementor-element-0517930 e-flex e-con-boxed e-con e-parent\" data-id=\"0517930\" data-element_type=\"container\" data-e-type=\"container\">\n\t\t\t\t\t<div class=\"e-con-inner\">\n\t\t<div class=\"elementor-element elementor-element-f2d868c e-con-full e-flex e-con e-child\" data-id=\"f2d868c\" data-element_type=\"container\" data-e-type=\"container\">\n\t\t\t\t<div class=\"elementor-element elementor-element-fcd82fe elementor-widget elementor-widget-image\" data-id=\"fcd82fe\" data-element_type=\"widget\" data-e-type=\"widget\" data-widget_type=\"image.default\">\n\t\t\t\t<div class=\"elementor-widget-container\">\n\t\t\t\t\t\t\t\t\t\t\t\t\t\t\t<img fetchpriority=\"high\" decoding=\"async\" width=\"300\" height=\"300\" src=\"https:\/\/licariguitars.com\/wp-content\/uploads\/2025\/11\/colle-vernici-1.jpg\" class=\"attachment-full size-full wp-image-3261\" alt=\"\" srcset=\"https:\/\/licariguitars.com\/wp-content\/uploads\/2025\/11\/colle-vernici-1.jpg 300w, https:\/\/licariguitars.com\/wp-content\/uploads\/2025\/11\/colle-vernici-1-150x150.jpg 150w, https:\/\/licariguitars.com\/wp-content\/uploads\/2025\/11\/colle-vernici-1-75x75.jpg 75w\" sizes=\"(max-width: 300px) 100vw, 300px\" \/>\t\t\t\t\t\t\t\t\t\t\t\t\t\t\t<\/div>\n\t\t\t\t<\/div>\n\t\t\t\t<\/div>\n\t\t<div class=\"elementor-element elementor-element-da6f3e5 e-con-full e-flex e-con e-child\" data-id=\"da6f3e5\" data-element_type=\"container\" data-e-type=\"container\">\n\t\t\t\t<div class=\"elementor-element elementor-element-68d5b03 elementor-widget elementor-widget-heading\" data-id=\"68d5b03\" data-element_type=\"widget\" data-e-type=\"widget\" data-widget_type=\"heading.default\">\n\t\t\t\t<div class=\"elementor-widget-container\">\n\t\t\t\t\t<h2 class=\"elementor-heading-title elementor-size-default\">Pegamentos<\/h2>\t\t\t\t<\/div>\n\t\t\t\t<\/div>\n\t\t\t\t<div class=\"elementor-element elementor-element-5683cfa elementor-widget elementor-widget-text-editor\" data-id=\"5683cfa\" data-element_type=\"widget\" data-e-type=\"widget\" data-widget_type=\"text-editor.default\">\n\t\t\t\t<div class=\"elementor-widget-container\">\n\t\t\t\t\t\t\t\t\t<p>Los pegamentos son los aglutinantes b\u00e1sicos que mantienen unida la estructura de las guitarras y determinan su calidad, robustez y ac\u00fastica. En mis instrumentos cada elemento est\u00e1 unido con el pegamento m\u00e1s adecuado; las resinas adhesivas se aplican en base a sus caracter\u00edsticas qu\u00edmicas, los materiales a unir y la funci\u00f3n que tienen que desempe\u00f1ar. Los pegamentos que uso son:<\/p><p><strong>Alif\u00e1tico:<\/strong>\u00a0es una resina no t\u00f3xica con caracter\u00edsticas estructurales similares a la cola blanca, indicada especialmente para la uni\u00f3n de maderas porosas. No es reversible, es tenaz y muy resistente a los disolventes, pinturas y grasas. Introducido en la fabricaci\u00f3n de violines, guitarras y en ebanister\u00eda durante varias d\u00e9cadas, ahora se utiliza habitualmente para la uni\u00f3n de cada g\u00e9nero y para la producci\u00f3n de materiales de relleno.<\/p><p><strong>Cola animal:<\/strong>\u00a0es el pegamento m\u00e1s utilizado en la luter\u00eda por sus caracter\u00edsticas de practicidad y reversibilidad. Es natural, no t\u00f3xico, soluble en agua y termosensible; su durabilidad ha sido probada durante siglos en la construcci\u00f3n de instrumentos musicales. Entre todos los pegamentos es el que m\u00e1s facilita la propagaci\u00f3n del sonido. Puede ser aplicada en la madera tambi\u00e9n como consolidante y para robustecerla.<\/p><p><strong>Cianocrilato:<\/strong>\u00a0es un adhesivo instant\u00e1neo de contacto particularmente adecuado para pegar diferentes materiales con superficies no porosas. Dada su capacidad de atacar a los tejidos biol\u00f3gicos, se ha utilizado con \u00e9xito en cirug\u00eda y en intervenciones ortop\u00e9dicas. Es resistente al agua y altamente aislante.<\/p><p><strong>Ep\u00f3xica:<\/strong>\u00a0resina de dos componentes extremadamente fuertes . Es resistente al agua y al calor y buena aislante. Particularmente adecuada para la uni\u00f3n de maderas aceitosas como cocobolo o madera de olivo, tambi\u00e9n se puede utilizar como imprimaci\u00f3n, consolidante o para la producci\u00f3n de materiales de relleno.<\/p>\t\t\t\t\t\t\t\t<\/div>\n\t\t\t\t<\/div>\n\t\t\t\t<\/div>\n\t\t\t\t\t<\/div>\n\t\t\t\t<\/div>\n\t\t<div class=\"elementor-element elementor-element-863346c e-flex e-con-boxed e-con e-parent\" data-id=\"863346c\" data-element_type=\"container\" data-e-type=\"container\">\n\t\t\t\t\t<div class=\"e-con-inner\">\n\t\t\t\t<div class=\"elementor-element elementor-element-07c72d5 elementor-widget-divider--view-line elementor-widget elementor-widget-divider\" data-id=\"07c72d5\" data-element_type=\"widget\" data-e-type=\"widget\" data-widget_type=\"divider.default\">\n\t\t\t\t<div class=\"elementor-widget-container\">\n\t\t\t\t\t\t\t<div class=\"elementor-divider\">\n\t\t\t<span class=\"elementor-divider-separator\">\n\t\t\t\t\t\t<\/span>\n\t\t<\/div>\n\t\t\t\t\t\t<\/div>\n\t\t\t\t<\/div>\n\t\t\t\t\t<\/div>\n\t\t\t\t<\/div>\n\t\t<div class=\"elementor-element elementor-element-9f2ad0b e-flex e-con-boxed e-con e-parent\" data-id=\"9f2ad0b\" data-element_type=\"container\" data-e-type=\"container\">\n\t\t\t\t\t<div class=\"e-con-inner\">\n\t\t<div class=\"elementor-element elementor-element-f759290 e-con-full e-flex e-con e-child\" data-id=\"f759290\" data-element_type=\"container\" data-e-type=\"container\">\n\t\t\t\t<div class=\"elementor-element elementor-element-e55af46 elementor-widget elementor-widget-heading\" data-id=\"e55af46\" data-element_type=\"widget\" data-e-type=\"widget\" data-widget_type=\"heading.default\">\n\t\t\t\t<div class=\"elementor-widget-container\">\n\t\t\t\t\t<h2 class=\"elementor-heading-title elementor-size-default\">Acabadods<\/h2>\t\t\t\t<\/div>\n\t\t\t\t<\/div>\n\t\t\t\t<div class=\"elementor-element elementor-element-32dbaed elementor-widget elementor-widget-text-editor\" data-id=\"32dbaed\" data-element_type=\"widget\" data-e-type=\"widget\" data-widget_type=\"text-editor.default\">\n\t\t\t\t<div class=\"elementor-widget-container\">\n\t\t\t\t\t\t\t\t\t<p>Tambi\u00e9n las barnices tienen una importancia fundamental y sirven principalmente para desarrollar dos funciones: ac\u00fastica y como protecci\u00f3n. Es decir, hacen que el sonido sea m\u00e1s homog\u00e9neo y protege la madera de los golpes, del \u00e1cido de la piel y de la luz solar. Hay dos tipos de acabados disponibles:<\/p><p><strong>Goma Laca:<\/strong>\u00a0oleoresina animal en soluci\u00f3n de alcohol. Siempre se ha usado \u00aba mu\u00f1equilla\u00bb en luter\u00eda porque deja a la madera un acabado natural y brillante. Ligero, el\u00e1stico y muy fino, la capa de goma laca es aislante y transpirable al mismo tiempo.<\/p><p><strong>Nitrocelulosa:<\/strong>\u00a0pintura de origen vegetal altamente refinado a base de ac\u00ecdo \u00f1\u00ectrico. Dura y muy brillante, la nitrocelulosa tiene un poder de protecci\u00f3n elevado; se utiliza en la fabricaci\u00f3n de instrumentos desde hace m\u00e1s de 60 a\u00f1os y su f\u00f3rmula qu\u00edmica se ha ido adaptando con el tiempo para mejorar su rendimiento ac\u00fastico. Se puede aplicar por pulverizaci\u00f3n o con brocha.<\/p>\t\t\t\t\t\t\t\t<\/div>\n\t\t\t\t<\/div>\n\t\t\t\t<\/div>\n\t\t\t\t\t<\/div>\n\t\t\t\t<\/div>\n\t\t\t\t<\/div>\n\t\t","protected":false},"excerpt":{"rendered":"<p>Pegamentos Los pegamentos son los aglutinantes b\u00e1sicos que mantienen unida la estructura de las guitarras y determinan su calidad, robustez y ac\u00fastica. En mis instrumentos cada elemento est\u00e1 unido con el pegamento m\u00e1s adecuado; las resinas adhesivas se aplican en base a sus caracter\u00edsticas qu\u00edmicas, los materiales a unir y la funci\u00f3n que tienen que [&hellip;]<\/p>\n","protected":false},"author":1,"featured_media":-1,"parent":456,"menu_order":0,"comment_status":"closed","ping_status":"closed","template":"elementor_header_footer","meta":{"h5ap_radio_sources":[],"footnotes":""},"class_list":["post-468","page","type-page","status-publish","has-post-thumbnail","hentry"],"yoast_head":"<!-- This site is optimized with the Yoast SEO plugin v27.5 - https:\/\/yoast.com\/product\/yoast-seo-wordpress\/ -->\n<title>Pegamentos y Acabados - Licari Guitars<\/title>\n<meta name=\"robots\" content=\"index, follow, max-snippet:-1, max-image-preview:large, max-video-preview:-1\" \/>\n<link rel=\"canonical\" href=\"https:\/\/licariguitars.com\/es\/materiales\/pegamentos-y-acabados\/\" \/>\n<meta property=\"og:locale\" content=\"es_ES\" \/>\n<meta property=\"og:type\" content=\"article\" \/>\n<meta property=\"og:title\" content=\"Pegamentos y Acabados - Licari Guitars\" \/>\n<meta property=\"og:description\" content=\"Pegamentos Los pegamentos son los aglutinantes b\u00e1sicos que mantienen unida la estructura de las guitarras y determinan su calidad, robustez y ac\u00fastica. En mis instrumentos cada elemento est\u00e1 unido con el pegamento m\u00e1s adecuado; las resinas adhesivas se aplican en base a sus caracter\u00edsticas qu\u00edmicas, los materiales a unir y la funci\u00f3n que tienen que [&hellip;]\" \/>\n<meta property=\"og:url\" content=\"https:\/\/licariguitars.com\/es\/materiales\/pegamentos-y-acabados\/\" \/>\n<meta property=\"og:site_name\" content=\"Licari Guitars\" \/>\n<meta property=\"article:modified_time\" content=\"2025-11-16T08:15:01+00:00\" \/>\n<meta name=\"twitter:card\" content=\"summary_large_image\" \/>\n<meta name=\"twitter:label1\" content=\"Tiempo de lectura\" \/>\n\t<meta name=\"twitter:data1\" content=\"3 minutos\" \/>\n<script type=\"application\/ld+json\" class=\"yoast-schema-graph\">{\"@context\":\"https:\\\/\\\/schema.org\",\"@graph\":[{\"@type\":\"WebPage\",\"@id\":\"https:\\\/\\\/licariguitars.com\\\/es\\\/materiales\\\/pegamentos-y-acabados\\\/\",\"url\":\"https:\\\/\\\/licariguitars.com\\\/es\\\/materiales\\\/pegamentos-y-acabados\\\/\",\"name\":\"Pegamentos y Acabados - Licari Guitars\",\"isPartOf\":{\"@id\":\"https:\\\/\\\/licariguitars.com\\\/#website\"},\"primaryImageOfPage\":{\"@id\":\"https:\\\/\\\/licariguitars.com\\\/es\\\/materiales\\\/pegamentos-y-acabados\\\/#primaryimage\"},\"image\":{\"@id\":\"https:\\\/\\\/licariguitars.com\\\/es\\\/materiales\\\/pegamentos-y-acabados\\\/#primaryimage\"},\"thumbnailUrl\":\"https:\\\/\\\/licariguitars.com\\\/wp-content\\\/uploads\\\/2025\\\/11\\\/colle-vernici-1.jpg\",\"datePublished\":\"2017-01-05T14:58:22+00:00\",\"dateModified\":\"2025-11-16T08:15:01+00:00\",\"breadcrumb\":{\"@id\":\"https:\\\/\\\/licariguitars.com\\\/es\\\/materiales\\\/pegamentos-y-acabados\\\/#breadcrumb\"},\"inLanguage\":\"es\",\"potentialAction\":[{\"@type\":\"ReadAction\",\"target\":[\"https:\\\/\\\/licariguitars.com\\\/es\\\/materiales\\\/pegamentos-y-acabados\\\/\"]}]},{\"@type\":\"ImageObject\",\"inLanguage\":\"es\",\"@id\":\"https:\\\/\\\/licariguitars.com\\\/es\\\/materiales\\\/pegamentos-y-acabados\\\/#primaryimage\",\"url\":\"https:\\\/\\\/licariguitars.com\\\/wp-content\\\/uploads\\\/2025\\\/11\\\/colle-vernici-1.jpg\",\"contentUrl\":\"https:\\\/\\\/licariguitars.com\\\/wp-content\\\/uploads\\\/2025\\\/11\\\/colle-vernici-1.jpg\"},{\"@type\":\"BreadcrumbList\",\"@id\":\"https:\\\/\\\/licariguitars.com\\\/es\\\/materiales\\\/pegamentos-y-acabados\\\/#breadcrumb\",\"itemListElement\":[{\"@type\":\"ListItem\",\"position\":1,\"name\":\"Home\",\"item\":\"https:\\\/\\\/licariguitars.com\\\/\"},{\"@type\":\"ListItem\",\"position\":2,\"name\":\"Materiales\",\"item\":\"https:\\\/\\\/licariguitars.com\\\/es\\\/materiales\\\/\"},{\"@type\":\"ListItem\",\"position\":3,\"name\":\"Pegamentos y Acabados\"}]},{\"@type\":\"WebSite\",\"@id\":\"https:\\\/\\\/licariguitars.com\\\/#website\",\"url\":\"https:\\\/\\\/licariguitars.com\\\/\",\"name\":\"Licari Guitars\",\"description\":\"Fine Handmade Guitars\",\"potentialAction\":[{\"@type\":\"SearchAction\",\"target\":{\"@type\":\"EntryPoint\",\"urlTemplate\":\"https:\\\/\\\/licariguitars.com\\\/?s={search_term_string}\"},\"query-input\":{\"@type\":\"PropertyValueSpecification\",\"valueRequired\":true,\"valueName\":\"search_term_string\"}}],\"inLanguage\":\"es\"}]}<\/script>\n<!-- \/ Yoast SEO plugin. -->","yoast_head_json":{"title":"Pegamentos y Acabados - Licari Guitars","robots":{"index":"index","follow":"follow","max-snippet":"max-snippet:-1","max-image-preview":"max-image-preview:large","max-video-preview":"max-video-preview:-1"},"canonical":"https:\/\/licariguitars.com\/es\/materiales\/pegamentos-y-acabados\/","og_locale":"es_ES","og_type":"article","og_title":"Pegamentos y Acabados - Licari Guitars","og_description":"Pegamentos Los pegamentos son los aglutinantes b\u00e1sicos que mantienen unida la estructura de las guitarras y determinan su calidad, robustez y ac\u00fastica. En mis instrumentos cada elemento est\u00e1 unido con el pegamento m\u00e1s adecuado; las resinas adhesivas se aplican en base a sus caracter\u00edsticas qu\u00edmicas, los materiales a unir y la funci\u00f3n que tienen que [&hellip;]","og_url":"https:\/\/licariguitars.com\/es\/materiales\/pegamentos-y-acabados\/","og_site_name":"Licari Guitars","article_modified_time":"2025-11-16T08:15:01+00:00","twitter_card":"summary_large_image","twitter_misc":{"Tiempo de lectura":"3 minutos"},"schema":{"@context":"https:\/\/schema.org","@graph":[{"@type":"WebPage","@id":"https:\/\/licariguitars.com\/es\/materiales\/pegamentos-y-acabados\/","url":"https:\/\/licariguitars.com\/es\/materiales\/pegamentos-y-acabados\/","name":"Pegamentos y Acabados - Licari Guitars","isPartOf":{"@id":"https:\/\/licariguitars.com\/#website"},"primaryImageOfPage":{"@id":"https:\/\/licariguitars.com\/es\/materiales\/pegamentos-y-acabados\/#primaryimage"},"image":{"@id":"https:\/\/licariguitars.com\/es\/materiales\/pegamentos-y-acabados\/#primaryimage"},"thumbnailUrl":"https:\/\/licariguitars.com\/wp-content\/uploads\/2025\/11\/colle-vernici-1.jpg","datePublished":"2017-01-05T14:58:22+00:00","dateModified":"2025-11-16T08:15:01+00:00","breadcrumb":{"@id":"https:\/\/licariguitars.com\/es\/materiales\/pegamentos-y-acabados\/#breadcrumb"},"inLanguage":"es","potentialAction":[{"@type":"ReadAction","target":["https:\/\/licariguitars.com\/es\/materiales\/pegamentos-y-acabados\/"]}]},{"@type":"ImageObject","inLanguage":"es","@id":"https:\/\/licariguitars.com\/es\/materiales\/pegamentos-y-acabados\/#primaryimage","url":"https:\/\/licariguitars.com\/wp-content\/uploads\/2025\/11\/colle-vernici-1.jpg","contentUrl":"https:\/\/licariguitars.com\/wp-content\/uploads\/2025\/11\/colle-vernici-1.jpg"},{"@type":"BreadcrumbList","@id":"https:\/\/licariguitars.com\/es\/materiales\/pegamentos-y-acabados\/#breadcrumb","itemListElement":[{"@type":"ListItem","position":1,"name":"Home","item":"https:\/\/licariguitars.com\/"},{"@type":"ListItem","position":2,"name":"Materiales","item":"https:\/\/licariguitars.com\/es\/materiales\/"},{"@type":"ListItem","position":3,"name":"Pegamentos y Acabados"}]},{"@type":"WebSite","@id":"https:\/\/licariguitars.com\/#website","url":"https:\/\/licariguitars.com\/","name":"Licari Guitars","description":"Fine Handmade Guitars","potentialAction":[{"@type":"SearchAction","target":{"@type":"EntryPoint","urlTemplate":"https:\/\/licariguitars.com\/?s={search_term_string}"},"query-input":{"@type":"PropertyValueSpecification","valueRequired":true,"valueName":"search_term_string"}}],"inLanguage":"es"}]}},"_links":{"self":[{"href":"https:\/\/licariguitars.com\/es\/wp-json\/wp\/v2\/pages\/468","targetHints":{"allow":["GET"]}}],"collection":[{"href":"https:\/\/licariguitars.com\/es\/wp-json\/wp\/v2\/pages"}],"about":[{"href":"https:\/\/licariguitars.com\/es\/wp-json\/wp\/v2\/types\/page"}],"author":[{"embeddable":true,"href":"https:\/\/licariguitars.com\/es\/wp-json\/wp\/v2\/users\/1"}],"replies":[{"embeddable":true,"href":"https:\/\/licariguitars.com\/es\/wp-json\/wp\/v2\/comments?post=468"}],"version-history":[{"count":6,"href":"https:\/\/licariguitars.com\/es\/wp-json\/wp\/v2\/pages\/468\/revisions"}],"predecessor-version":[{"id":3278,"href":"https:\/\/licariguitars.com\/es\/wp-json\/wp\/v2\/pages\/468\/revisions\/3278"}],"up":[{"embeddable":true,"href":"https:\/\/licariguitars.com\/es\/wp-json\/wp\/v2\/pages\/456"}],"wp:featuredmedia":[{"embeddable":true,"href":"https:\/\/licariguitars.com\/es\/wp-json\/"}],"wp:attachment":[{"href":"https:\/\/licariguitars.com\/es\/wp-json\/wp\/v2\/media?parent=468"}],"curies":[{"name":"wp","href":"https:\/\/api.w.org\/{rel}","templated":true}]}}