{"id":472,"date":"2016-08-30T08:59:17","date_gmt":"2016-08-30T08:59:17","guid":{"rendered":"http:\/\/licariguitars.com\/?page_id=472\/"},"modified":"2026-02-10T09:51:10","modified_gmt":"2026-02-10T08:51:10","slug":"contactos","status":"publish","type":"page","link":"https:\/\/licariguitars.com\/es\/contactos\/","title":{"rendered":"Contactos"},"content":{"rendered":"\t\t<div data-elementor-type=\"wp-page\" data-elementor-id=\"472\" class=\"elementor elementor-472\" data-elementor-post-type=\"page\">\n\t\t\t\t<div class=\"elementor-element elementor-element-4336997c e-flex e-con-boxed e-con e-parent\" data-id=\"4336997c\" data-element_type=\"container\" data-e-type=\"container\">\n\t\t\t\t\t<div class=\"e-con-inner\">\n\t\t\t\t<div class=\"elementor-element elementor-element-50223444 elementor-widget elementor-widget-heading\" data-id=\"50223444\" data-element_type=\"widget\" data-e-type=\"widget\" data-widget_type=\"heading.default\">\n\t\t\t\t<div class=\"elementor-widget-container\">\n\t\t\t\t\t<h2 class=\"elementor-heading-title elementor-size-default\">Contactos<\/h2>\t\t\t\t<\/div>\n\t\t\t\t<\/div>\n\t\t\t\t\t<\/div>\n\t\t\t\t<\/div>\n\t\t<div class=\"elementor-element elementor-element-3766f69 e-flex e-con-boxed e-con e-parent\" data-id=\"3766f69\" data-element_type=\"container\" data-e-type=\"container\">\n\t\t\t\t\t<div class=\"e-con-inner\">\n\t\t<div class=\"elementor-element elementor-element-181bbeb0 e-con-full e-flex e-con e-child\" data-id=\"181bbeb0\" data-element_type=\"container\" data-e-type=\"container\">\n\t\t\t\t<div class=\"elementor-element elementor-element-634e92ee elementor-widget elementor-widget-image\" data-id=\"634e92ee\" data-element_type=\"widget\" data-e-type=\"widget\" data-widget_type=\"image.default\">\n\t\t\t\t<div class=\"elementor-widget-container\">\n\t\t\t\t\t\t\t\t\t\t\t\t\t\t\t\t<a href=\"https:\/\/www.facebook.com\/valerio.licari\" target=\"_blank\">\n\t\t\t\t\t\t\t<img decoding=\"async\" width=\"220\" height=\"65\" src=\"https:\/\/licariguitars.com\/wp-content\/uploads\/2025\/11\/facebook-icon2.png\" class=\"attachment-large size-large wp-image-4408\" alt=\"\" \/>\t\t\t\t\t\t\t\t<\/a>\n\t\t\t\t\t\t\t\t\t\t\t\t\t\t\t<\/div>\n\t\t\t\t<\/div>\n\t\t\t\t<\/div>\n\t\t<div class=\"elementor-element elementor-element-211a0e7f e-con-full e-flex e-con e-child\" data-id=\"211a0e7f\" data-element_type=\"container\" data-e-type=\"container\">\n\t\t\t\t<div class=\"elementor-element elementor-element-1b91fcc6 elementor-widget elementor-widget-image\" data-id=\"1b91fcc6\" data-element_type=\"widget\" data-e-type=\"widget\" data-widget_type=\"image.default\">\n\t\t\t\t<div class=\"elementor-widget-container\">\n\t\t\t\t\t\t\t\t\t\t\t\t\t\t\t\t<a href=\"https:\/\/www.instagram.com\/licariguitars\/\">\n\t\t\t\t\t\t\t<img decoding=\"async\" src=\"https:\/\/licariguitars.com\/wp-content\/uploads\/elementor\/thumbs\/instagram_image-300x91-1-reu4tpxhfvye27oqaba5hp0mxt0wi5cnh2vefxi74k.png\" title=\"Instagram Image 300&#215;91\" alt=\"Instagram Image 300x91\" loading=\"lazy\" \/>\t\t\t\t\t\t\t\t<\/a>\n\t\t\t\t\t\t\t\t\t\t\t\t\t\t\t<\/div>\n\t\t\t\t<\/div>\n\t\t\t\t<\/div>\n\t\t\t\t\t<\/div>\n\t\t\t\t<\/div>\n\t\t<div class=\"elementor-element elementor-element-55faf8b5 e-flex e-con-boxed e-con e-parent\" data-id=\"55faf8b5\" data-element_type=\"container\" data-e-type=\"container\">\n\t\t\t\t\t<div class=\"e-con-inner\">\n\t\t<div class=\"elementor-element elementor-element-ea8c772 e-con-full e-flex e-con e-child\" data-id=\"ea8c772\" data-element_type=\"container\" data-e-type=\"container\">\n\t\t\t\t<div class=\"elementor-element elementor-element-2caa9707 elementor-widget elementor-widget-heading\" data-id=\"2caa9707\" data-element_type=\"widget\" data-e-type=\"widget\" data-widget_type=\"heading.default\">\n\t\t\t\t<div class=\"elementor-widget-container\">\n\t\t\t\t\t<h2 class=\"elementor-heading-title elementor-size-default\">Valerio Licari<\/h2>\t\t\t\t<\/div>\n\t\t\t\t<\/div>\n\t\t\t\t<div class=\"elementor-element elementor-element-100aaabe elementor-widget elementor-widget-text-editor\" data-id=\"100aaabe\" data-element_type=\"widget\" data-e-type=\"widget\" data-widget_type=\"text-editor.default\">\n\t\t\t\t<div class=\"elementor-widget-container\">\n\t\t\t\t\t\t\t\t\t<p>Via Brissogne 7, 10142, Tur\u00edn (Italia)<\/p><p>Tel.: +39 3272926345<\/p><p>Correo electr\u00f3nico: info@licariguitars.com<\/p><p>Solo con cita previa<\/p>\t\t\t\t\t\t\t\t<\/div>\n\t\t\t\t<\/div>\n\t\t\t\t<div class=\"elementor-element elementor-element-5040d10 elementor-widget elementor-widget-heading\" data-id=\"5040d10\" data-element_type=\"widget\" data-e-type=\"widget\" data-widget_type=\"heading.default\">\n\t\t\t\t<div class=\"elementor-widget-container\">\n\t\t\t\t\t<h3 class=\"elementor-heading-title elementor-size-default\">Richiedi info<\/h3>\t\t\t\t<\/div>\n\t\t\t\t<\/div>\n\t\t\t\t<div class=\"elementor-element elementor-element-d96f3fc elementor-button-align-stretch elementor-widget elementor-widget-form\" data-id=\"d96f3fc\" data-element_type=\"widget\" data-e-type=\"widget\" data-settings=\"{&quot;step_next_label&quot;:&quot;Next&quot;,&quot;step_previous_label&quot;:&quot;Previous&quot;,&quot;button_width&quot;:&quot;100&quot;,&quot;step_type&quot;:&quot;number_text&quot;,&quot;step_icon_shape&quot;:&quot;circle&quot;}\" data-widget_type=\"form.default\">\n\t\t\t\t<div class=\"elementor-widget-container\">\n\t\t\t\t\t\t\t<form class=\"elementor-form\" method=\"post\" name=\"New Form\" aria-label=\"New Form\">\n\t\t\t<input type=\"hidden\" name=\"post_id\" value=\"472\"\/>\n\t\t\t<input type=\"hidden\" name=\"form_id\" value=\"d96f3fc\"\/>\n\t\t\t<input type=\"hidden\" name=\"referer_title\" value=\"Contactos - Licari Guitars\" \/>\n\n\t\t\t\t\t\t\t<input type=\"hidden\" name=\"queried_id\" value=\"472\"\/>\n\t\t\t\n\t\t\t<div class=\"elementor-form-fields-wrapper elementor-labels-above\">\n\t\t\t\t\t\t\t\t<div class=\"elementor-field-type-text elementor-field-group elementor-column elementor-field-group-name elementor-col-50\">\n\t\t\t\t\t\t\t\t\t\t\t\t\t<input size=\"1\" type=\"text\" name=\"form_fields[name]\" id=\"form-field-name\" class=\"elementor-field elementor-size-sm  elementor-field-textual\" placeholder=\"Nombre\">\n\t\t\t\t\t\t\t\t\t\t\t<\/div>\n\t\t\t\t\t\t\t\t<div class=\"elementor-field-type-email elementor-field-group elementor-column elementor-field-group-email elementor-col-50 elementor-field-required\">\n\t\t\t\t\t\t\t\t\t\t\t\t\t<input size=\"1\" type=\"email\" name=\"form_fields[email]\" id=\"form-field-email\" class=\"elementor-field elementor-size-sm  elementor-field-textual\" placeholder=\"Email\" required=\"required\">\n\t\t\t\t\t\t\t\t\t\t\t<\/div>\n\t\t\t\t\t\t\t\t<div class=\"elementor-field-type-textarea elementor-field-group elementor-column elementor-field-group-message elementor-col-100\">\n\t\t\t\t\t<textarea class=\"elementor-field-textual elementor-field  elementor-size-sm\" name=\"form_fields[message]\" id=\"form-field-message\" rows=\"4\" placeholder=\"Mensaje\"><\/textarea>\t\t\t\t<\/div>\n\t\t\t\t\t\t\t\t<div class=\"elementor-field-type-acceptance elementor-field-group elementor-column elementor-field-group-field_8a4f790 elementor-col-100 elementor-field-required\">\n\t\t\t\t\t\t\t<div class=\"elementor-field-subgroup\">\n\t\t\t<span class=\"elementor-field-option\">\n\t\t\t\t<input type=\"checkbox\" name=\"form_fields[field_8a4f790]\" id=\"form-field-field_8a4f790\" class=\"elementor-field elementor-size-sm  elementor-acceptance-field\" required=\"required\">\n\t\t\t\t<label for=\"form-field-field_8a4f790\">He le\u00eddo la pol\u00edtica de privacidad y entiendo que los datos personales que proporciono ser\u00e1n procesados \u200b\u200bpara enviar y responder a mi solicitud o mensaje.<\/label>\t\t\t<\/span>\n\t\t<\/div>\n\t\t\t\t\t\t<\/div>\n\t\t\t\t\t\t\t\t<div class=\"elementor-field-type-recaptcha_v3 elementor-field-group elementor-column elementor-field-group-field_8f171c3 elementor-col-100 recaptcha_v3-bottomright\">\n\t\t\t\t\t<div class=\"elementor-field\" id=\"form-field-field_8f171c3\"><div class=\"elementor-g-recaptcha\" data-sitekey=\"6Lc-imYsAAAAAMw1xUotWhhcCGToz2DpGM-prkIH\" data-type=\"v3\" data-action=\"Form\" data-badge=\"bottomright\" data-size=\"invisible\"><\/div><\/div>\t\t\t\t<\/div>\n\t\t\t\t\t\t\t\t<div class=\"elementor-field-group elementor-column elementor-field-type-submit elementor-col-100 e-form__buttons\">\n\t\t\t\t\t<button class=\"elementor-button elementor-size-sm\" type=\"submit\">\n\t\t\t\t\t\t<span class=\"elementor-button-content-wrapper\">\n\t\t\t\t\t\t\t\t\t\t\t\t\t\t\t\t\t\t\t\t\t\t<span class=\"elementor-button-text\">Enviar<\/span>\n\t\t\t\t\t\t\t\t\t\t\t\t\t<\/span>\n\t\t\t\t\t<\/button>\n\t\t\t\t<\/div>\n\t\t\t<\/div>\n\t\t<\/form>\n\t\t\t\t\t\t<\/div>\n\t\t\t\t<\/div>\n\t\t\t\t<\/div>\n\t\t<div class=\"elementor-element elementor-element-22fc1744 e-con-full e-flex e-con e-child\" data-id=\"22fc1744\" data-element_type=\"container\" data-e-type=\"container\">\n\t\t\t\t<div class=\"elementor-element elementor-element-521db3c9 elementor-widget elementor-widget-google_maps\" data-id=\"521db3c9\" data-element_type=\"widget\" data-e-type=\"widget\" data-widget_type=\"google_maps.default\">\n\t\t\t\t<div class=\"elementor-widget-container\">\n\t\t\t\t\t\t\t<div class=\"elementor-custom-embed\">\n\t\t\t<iframe loading=\"lazy\"\n\t\t\t\t\tsrc=\"https:\/\/maps.google.com\/maps?q=Licari%20Guitars&#038;t=m&#038;z=13&#038;output=embed&#038;iwloc=near\"\n\t\t\t\t\ttitle=\"Licari Guitars\"\n\t\t\t\t\taria-label=\"Licari Guitars\"\n\t\t\t><\/iframe>\n\t\t<\/div>\n\t\t\t\t\t\t<\/div>\n\t\t\t\t<\/div>\n\t\t\t\t<\/div>\n\t\t\t\t\t<\/div>\n\t\t\t\t<\/div>\n\t\t\t\t<\/div>\n\t\t","protected":false},"excerpt":{"rendered":"<p>Valerio Licari Via Brissogne 7, 10142, Tur\u00edn (Italia) Tel.: +39 3272926345 Correo electr\u00f3nico: info@licariguitars.com Solo con cita previa Richiedi info<\/p>\n","protected":false},"author":1,"featured_media":-1,"parent":0,"menu_order":0,"comment_status":"closed","ping_status":"closed","template":"elementor_header_footer","meta":{"h5ap_radio_sources":[],"footnotes":""},"class_list":["post-472","page","type-page","status-publish","has-post-thumbnail","hentry"],"yoast_head":"<!-- This site is optimized with the Yoast SEO plugin v27.3 - https:\/\/yoast.com\/product\/yoast-seo-wordpress\/ -->\n<title>Contactos - Licari Guitars<\/title>\n<meta name=\"robots\" content=\"index, follow, max-snippet:-1, max-image-preview:large, max-video-preview:-1\" \/>\n<link rel=\"canonical\" href=\"https:\/\/licariguitars.com\/contatti\/\" \/>\n<meta property=\"og:locale\" content=\"es_ES\" \/>\n<meta property=\"og:type\" content=\"article\" \/>\n<meta property=\"og:title\" content=\"Contactos - Licari Guitars\" \/>\n<meta property=\"og:description\" content=\"Valerio Licari Via Brissogne 7, 10142, Tur\u00edn (Italia) Tel.: +39 3272926345 Correo electr\u00f3nico: info@licariguitars.com Solo con cita previa Richiedi info\" \/>\n<meta property=\"og:url\" content=\"https:\/\/licariguitars.com\/contatti\/\" \/>\n<meta property=\"og:site_name\" content=\"Licari Guitars\" \/>\n<meta property=\"article:modified_time\" content=\"2026-02-10T08:51:10+00:00\" \/>\n<meta name=\"twitter:card\" content=\"summary_large_image\" \/>\n<meta name=\"twitter:label1\" content=\"Tiempo de lectura\" \/>\n\t<meta name=\"twitter:data1\" content=\"1 minuto\" \/>\n<script type=\"application\/ld+json\" class=\"yoast-schema-graph\">{\"@context\":\"https:\\\/\\\/schema.org\",\"@graph\":[{\"@type\":\"WebPage\",\"@id\":\"https:\\\/\\\/licariguitars.com\\\/contatti\\\/\",\"url\":\"https:\\\/\\\/licariguitars.com\\\/contatti\\\/\",\"name\":\"Contactos - Licari Guitars\",\"isPartOf\":{\"@id\":\"https:\\\/\\\/licariguitars.com\\\/#website\"},\"primaryImageOfPage\":{\"@id\":\"https:\\\/\\\/licariguitars.com\\\/contatti\\\/#primaryimage\"},\"image\":{\"@id\":\"https:\\\/\\\/licariguitars.com\\\/contatti\\\/#primaryimage\"},\"thumbnailUrl\":\"https:\\\/\\\/licariguitars.com\\\/wp-content\\\/uploads\\\/2025\\\/11\\\/facebook-icon2.png\",\"datePublished\":\"2016-08-30T08:59:17+00:00\",\"dateModified\":\"2026-02-10T08:51:10+00:00\",\"breadcrumb\":{\"@id\":\"https:\\\/\\\/licariguitars.com\\\/contatti\\\/#breadcrumb\"},\"inLanguage\":\"es\",\"potentialAction\":[{\"@type\":\"ReadAction\",\"target\":[\"https:\\\/\\\/licariguitars.com\\\/contatti\\\/\"]}]},{\"@type\":\"ImageObject\",\"inLanguage\":\"es\",\"@id\":\"https:\\\/\\\/licariguitars.com\\\/contatti\\\/#primaryimage\",\"url\":\"https:\\\/\\\/licariguitars.com\\\/wp-content\\\/uploads\\\/2025\\\/11\\\/facebook-icon2.png\",\"contentUrl\":\"https:\\\/\\\/licariguitars.com\\\/wp-content\\\/uploads\\\/2025\\\/11\\\/facebook-icon2.png\"},{\"@type\":\"BreadcrumbList\",\"@id\":\"https:\\\/\\\/licariguitars.com\\\/contatti\\\/#breadcrumb\",\"itemListElement\":[{\"@type\":\"ListItem\",\"position\":1,\"name\":\"Home\",\"item\":\"https:\\\/\\\/licariguitars.com\\\/\"},{\"@type\":\"ListItem\",\"position\":2,\"name\":\"Contactos\"}]},{\"@type\":\"WebSite\",\"@id\":\"https:\\\/\\\/licariguitars.com\\\/#website\",\"url\":\"https:\\\/\\\/licariguitars.com\\\/\",\"name\":\"Licari Guitars\",\"description\":\"Fine Handmade Guitars\",\"potentialAction\":[{\"@type\":\"SearchAction\",\"target\":{\"@type\":\"EntryPoint\",\"urlTemplate\":\"https:\\\/\\\/licariguitars.com\\\/?s={search_term_string}\"},\"query-input\":{\"@type\":\"PropertyValueSpecification\",\"valueRequired\":true,\"valueName\":\"search_term_string\"}}],\"inLanguage\":\"es\"}]}<\/script>\n<!-- \/ Yoast SEO plugin. -->","yoast_head_json":{"title":"Contactos - Licari Guitars","robots":{"index":"index","follow":"follow","max-snippet":"max-snippet:-1","max-image-preview":"max-image-preview:large","max-video-preview":"max-video-preview:-1"},"canonical":"https:\/\/licariguitars.com\/contatti\/","og_locale":"es_ES","og_type":"article","og_title":"Contactos - Licari Guitars","og_description":"Valerio Licari Via Brissogne 7, 10142, Tur\u00edn (Italia) Tel.: +39 3272926345 Correo electr\u00f3nico: info@licariguitars.com Solo con cita previa Richiedi info","og_url":"https:\/\/licariguitars.com\/contatti\/","og_site_name":"Licari Guitars","article_modified_time":"2026-02-10T08:51:10+00:00","twitter_card":"summary_large_image","twitter_misc":{"Tiempo de lectura":"1 minuto"},"schema":{"@context":"https:\/\/schema.org","@graph":[{"@type":"WebPage","@id":"https:\/\/licariguitars.com\/contatti\/","url":"https:\/\/licariguitars.com\/contatti\/","name":"Contactos - Licari Guitars","isPartOf":{"@id":"https:\/\/licariguitars.com\/#website"},"primaryImageOfPage":{"@id":"https:\/\/licariguitars.com\/contatti\/#primaryimage"},"image":{"@id":"https:\/\/licariguitars.com\/contatti\/#primaryimage"},"thumbnailUrl":"https:\/\/licariguitars.com\/wp-content\/uploads\/2025\/11\/facebook-icon2.png","datePublished":"2016-08-30T08:59:17+00:00","dateModified":"2026-02-10T08:51:10+00:00","breadcrumb":{"@id":"https:\/\/licariguitars.com\/contatti\/#breadcrumb"},"inLanguage":"es","potentialAction":[{"@type":"ReadAction","target":["https:\/\/licariguitars.com\/contatti\/"]}]},{"@type":"ImageObject","inLanguage":"es","@id":"https:\/\/licariguitars.com\/contatti\/#primaryimage","url":"https:\/\/licariguitars.com\/wp-content\/uploads\/2025\/11\/facebook-icon2.png","contentUrl":"https:\/\/licariguitars.com\/wp-content\/uploads\/2025\/11\/facebook-icon2.png"},{"@type":"BreadcrumbList","@id":"https:\/\/licariguitars.com\/contatti\/#breadcrumb","itemListElement":[{"@type":"ListItem","position":1,"name":"Home","item":"https:\/\/licariguitars.com\/"},{"@type":"ListItem","position":2,"name":"Contactos"}]},{"@type":"WebSite","@id":"https:\/\/licariguitars.com\/#website","url":"https:\/\/licariguitars.com\/","name":"Licari Guitars","description":"Fine Handmade Guitars","potentialAction":[{"@type":"SearchAction","target":{"@type":"EntryPoint","urlTemplate":"https:\/\/licariguitars.com\/?s={search_term_string}"},"query-input":{"@type":"PropertyValueSpecification","valueRequired":true,"valueName":"search_term_string"}}],"inLanguage":"es"}]}},"_links":{"self":[{"href":"https:\/\/licariguitars.com\/es\/wp-json\/wp\/v2\/pages\/472","targetHints":{"allow":["GET"]}}],"collection":[{"href":"https:\/\/licariguitars.com\/es\/wp-json\/wp\/v2\/pages"}],"about":[{"href":"https:\/\/licariguitars.com\/es\/wp-json\/wp\/v2\/types\/page"}],"author":[{"embeddable":true,"href":"https:\/\/licariguitars.com\/es\/wp-json\/wp\/v2\/users\/1"}],"replies":[{"embeddable":true,"href":"https:\/\/licariguitars.com\/es\/wp-json\/wp\/v2\/comments?post=472"}],"version-history":[{"count":16,"href":"https:\/\/licariguitars.com\/es\/wp-json\/wp\/v2\/pages\/472\/revisions"}],"predecessor-version":[{"id":4661,"href":"https:\/\/licariguitars.com\/es\/wp-json\/wp\/v2\/pages\/472\/revisions\/4661"}],"wp:featuredmedia":[{"embeddable":true,"href":"https:\/\/licariguitars.com\/es\/wp-json\/"}],"wp:attachment":[{"href":"https:\/\/licariguitars.com\/es\/wp-json\/wp\/v2\/media?parent=472"}],"curies":[{"name":"wp","href":"https:\/\/api.w.org\/{rel}","templated":true}]}}